{"id":1055446,"date":"2026-02-10T13:26:30","date_gmt":"2026-02-10T12:26:30","guid":{"rendered":"https:\/\/osatech.ch\/shop\/index.php\/prodotto\/daikin-perfera-all-seasons-ftxm-a-r32-unita-interna-a-parete-mono-multisplit-wi-fi-24000-btu"},"modified":"2026-03-12T15:00:34","modified_gmt":"2026-03-12T14:00:34","slug":"daikin-perfera-all-seasons-ftxm-a-r32-unita-interna-a-parete-mono-multisplit-wi-fi-24000-btu","status":"publish","type":"product","link":"https:\/\/osatech.ch\/shop\/index.php\/prodotto\/daikin-perfera-all-seasons-ftxm-a-r32-unita-interna-a-parete-mono-multisplit-wi-fi-24000-btu","title":{"rendered":"Daikin PERFERA ALL SEASONS FTXM-A R32 Unit\u00e0 interna a parete mono\/multisplit Wi-Fi, 24000 BTU"},"content":{"rendered":"<p>Unit\u00e0 interna FTXM71A<br \/>\nUnit\u00e0 esterna RXM71A<\/p>\n<p>Dettagli prodotto<br \/>\nUnit\u00e0 interna mono\/multisplit posizionamento A parete Daikin PERFERA FTXM71A, BTU 24000, 7.1 kW potenza freddo, 8.2 kW potenza caldo, con sistema Wi-Fi, gas refrigerante R32, lunghezza cm 25.2, larghezza cm 99.7, altezza cm 29.2, finitura Bianco<\/p>\n<p>Caratteristiche tecniche<br \/>\nValori di efficienza stagionale fino alla classe energetica A+++ in raffrescamento e in riscaldamento, in versione monosplit e Multi<br \/>\nComfort+: comfort perfetto con una temperatura omogenea in tutto il locale. I doppi deflettori dirigono l&#8217;aria verso il soffitto in modalit\u00e0 raffrescamento e lungo la parete in riscaldamento.<br \/>\nSensore di movimento a 2 aree: questa funzione consente di dirigere il flusso d&#8217;aria verso una zona diversa da quella in cui si trova la persona in quel momento; se non viene rilevata la presenza di persone, l\u2019unit\u00e0 passa automaticamente alla modalit\u00e0 risparmio energetico.<br \/>\nIl riscaldamento ausiliario riscalda rapidamente la vostra abitazione quando si avvia il climatizzatore. La temperatura impostata viene raggiunta il 14% pi\u00f9 rapidamente rispetto a un normale climatizzatore (solo monosplit)<br \/>\nPurifica l&#8217;aria da virus, batteri e polveri fini grazie all&#8217;efficiente filtro antipolvere<br \/>\nGrazie all&#8217;uso di elettroni che attivano le reazioni chimiche con le particelle sospese nell&#8217;aria, il<br \/>\nFlash Streamer decompone allergeni quali pollini e funghi e rimuove gli odori fastidiosi, assicurando un&#8217;aria migliore e pi\u00f9 pulita<br \/>\nFiltro in argento per la rimozione degli allergeni e la purificazione dell&#8217;aria: cattura allergeni, ad esempio pollini, assicurando un&#8217;erogazione costante di aria pulita<br \/>\nComando vocale tramite Amazon Alexa o Assistente Google per controllare le funzioni principali quali setpoint, modalit\u00e0 operativa, velocit\u00e0 del ventilatore ecc.<br \/>\nDaikin Residential Controller: possibilit\u00e0 di controllo dell&#8217;unit\u00e0 interna da qualsiasi luogo tramite app, rete locale o Internet.<br \/>\nFunzionamento silenzioso: livello di pressione sonora fino a soli 19 dBA<br \/>\nIl flusso dell&#8217;aria tridimensionale utilizza il movimento oscillatorio automatico verticale e orizzontale per assicurare la circolazione di aria calda o fredda anche negli angoli degli ambienti di grandi dimensioni<\/p>\n","protected":false},"excerpt":{"rendered":"<p>Unit\u00e0 interna FTXM71A Unit\u00e0 esterna RXM71A Dettagli prodotto Unit\u00e0 interna mono\/multisplit posizionamento A parete Daikin PERFERA FTXM71A, BTU 24000, 7.1 kW potenza freddo, 8.2 kW potenza caldo, con sistema Wi-Fi, gas refrigerante R32, lunghezza cm 25.2, larghezza cm 99.7, altezza cm 29.2, finitura Bianco Caratteristiche tecniche Valori di efficienza stagionale fino alla classe energetica A+++ [&hellip;]<\/p>\n","protected":false},"featured_media":1068104,"template":"","meta":[],"product_brand":[],"product_cat":[3953,4259],"product_tag":[],"yst_prominent_words":[],"class_list":{"0":"post-1055446","1":"product","2":"type-product","3":"status-publish","4":"has-post-thumbnail","6":"product_cat-condizionatori-con-unita-esterna","7":"product_cat-daikin","9":"first","10":"instock","11":"taxable","12":"shipping-taxable","13":"purchasable","14":"product-type-simple"},"_links":{"self":[{"href":"https:\/\/osatech.ch\/shop\/index.php\/wp-json\/wp\/v2\/product\/1055446","targetHints":{"allow":["GET"]}}],"collection":[{"href":"https:\/\/osatech.ch\/shop\/index.php\/wp-json\/wp\/v2\/product"}],"about":[{"href":"https:\/\/osatech.ch\/shop\/index.php\/wp-json\/wp\/v2\/types\/product"}],"wp:featuredmedia":[{"embeddable":true,"href":"https:\/\/osatech.ch\/shop\/index.php\/wp-json\/wp\/v2\/media\/1068104"}],"wp:attachment":[{"href":"https:\/\/osatech.ch\/shop\/index.php\/wp-json\/wp\/v2\/media?parent=1055446"}],"wp:term":[{"taxonomy":"product_brand","embeddable":true,"href":"https:\/\/osatech.ch\/shop\/index.php\/wp-json\/wp\/v2\/product_brand?post=1055446"},{"taxonomy":"product_cat","embeddable":true,"href":"https:\/\/osatech.ch\/shop\/index.php\/wp-json\/wp\/v2\/product_cat?post=1055446"},{"taxonomy":"product_tag","embeddable":true,"href":"https:\/\/osatech.ch\/shop\/index.php\/wp-json\/wp\/v2\/product_tag?post=1055446"},{"taxonomy":"yst_prominent_words","embeddable":true,"href":"https:\/\/osatech.ch\/shop\/index.php\/wp-json\/wp\/v2\/yst_prominent_words?post=1055446"}],"curies":[{"name":"wp","href":"https:\/\/api.w.org\/{rel}","templated":true}]}}