{"id":104133,"date":"2024-08-26T09:22:57","date_gmt":"2024-08-26T07:22:57","guid":{"rendered":"https:\/\/osatech.ch\/shop\/index.php\/prodotto\/videoregistratore-di-rete-wizsense-a-16-canali-1u-2hdd"},"modified":"2025-01-20T08:43:40","modified_gmt":"2025-01-20T07:43:40","slug":"videoregistratore-di-rete-wizsense-a-16-canali-1u-2hdd","status":"publish","type":"product","link":"https:\/\/osatech.ch\/shop\/index.php\/prodotto\/videoregistratore-di-rete-wizsense-a-16-canali-1u-2hdd","title":{"rendered":"Videoregistratore di rete WizSense a 16 canali 1U 2HDD"},"content":{"rendered":"<p>Videoregistratore di rete WizSense a 16 canali 1U 2HDD<\/p>\n<p>&gt; Supporta i formati di decodifica Smart H.265+, H.265, Smart H.264+, H.264 e MJPEG.<br \/>\n&gt; Massimo. capacit\u00e0 di decodifica: 32 \u00d7 1080p@30 fps o 16 \u00d7 4MP@30 fps.<br \/>\n&gt; Massimo. Larghezza di banda in entrata\/registrazione\/uscita da 384 Mbps.<br \/>\n&gt; Supporta telecamere IP con una risoluzione fino a 32 MP.<br \/>\n&gt; Supporta AcuPick con un massimo di 16 canali.<br \/>\n&gt; Supporta cluster N+M.<br \/>\n&gt; AI tramite registratore: rilevamento e riconoscimento facciale a 2 canali, protezione perimetrale a 4 canali e SMD Plus a 8 canali.<br \/>\n&gt; Intelligenza artificiale tramite telecamera: rilevamento e riconoscimento facciale, protezione perimetrale, SMD Plus, metadati, ANPR, analisi stereo, mappa termica e conteggio persone.<br \/>\n&gt; Base di sicurezza 2.4.<\/p>\n","protected":false},"excerpt":{"rendered":"<p>Videoregistratore di rete WizSense a 16 canali 1U 2HDD &gt; Supporta i formati di decodifica Smart H.265+, H.265, Smart H.264+, H.264 e MJPEG. &gt; Massimo. capacit\u00e0 di decodifica: 32 \u00d7 1080p@30 fps o 16 \u00d7 4MP@30 fps. &gt; Massimo. Larghezza di banda in entrata\/registrazione\/uscita da 384 Mbps. &gt; Supporta telecamere IP con una risoluzione fino [&hellip;]<\/p>\n","protected":false},"featured_media":104132,"template":"","meta":[],"product_brand":[],"product_cat":[4088,3971],"product_tag":[],"yst_prominent_words":[],"class_list":{"0":"post-104133","1":"product","2":"type-product","3":"status-publish","4":"has-post-thumbnail","6":"product_cat-registratori-dahua","7":"product_cat-videosorveglianza-registratori","9":"first","10":"instock","11":"taxable","12":"shipping-taxable","13":"purchasable","14":"product-type-simple"},"_links":{"self":[{"href":"https:\/\/osatech.ch\/shop\/index.php\/wp-json\/wp\/v2\/product\/104133","targetHints":{"allow":["GET"]}}],"collection":[{"href":"https:\/\/osatech.ch\/shop\/index.php\/wp-json\/wp\/v2\/product"}],"about":[{"href":"https:\/\/osatech.ch\/shop\/index.php\/wp-json\/wp\/v2\/types\/product"}],"wp:featuredmedia":[{"embeddable":true,"href":"https:\/\/osatech.ch\/shop\/index.php\/wp-json\/wp\/v2\/media\/104132"}],"wp:attachment":[{"href":"https:\/\/osatech.ch\/shop\/index.php\/wp-json\/wp\/v2\/media?parent=104133"}],"wp:term":[{"taxonomy":"product_brand","embeddable":true,"href":"https:\/\/osatech.ch\/shop\/index.php\/wp-json\/wp\/v2\/product_brand?post=104133"},{"taxonomy":"product_cat","embeddable":true,"href":"https:\/\/osatech.ch\/shop\/index.php\/wp-json\/wp\/v2\/product_cat?post=104133"},{"taxonomy":"product_tag","embeddable":true,"href":"https:\/\/osatech.ch\/shop\/index.php\/wp-json\/wp\/v2\/product_tag?post=104133"},{"taxonomy":"yst_prominent_words","embeddable":true,"href":"https:\/\/osatech.ch\/shop\/index.php\/wp-json\/wp\/v2\/yst_prominent_words?post=104133"}],"curies":[{"name":"wp","href":"https:\/\/api.w.org\/{rel}","templated":true}]}}