{"id":1034887,"date":"2025-11-26T11:51:33","date_gmt":"2025-11-26T10:51:33","guid":{"rendered":"https:\/\/osatech.ch\/shop\/index.php\/prodotto\/hisense-kit-mono-uni-hb-da-12000btu-a-r32-wifi-2"},"modified":"2026-03-18T16:35:32","modified_gmt":"2026-03-18T15:35:32","slug":"hisense-kit-mono-uni-hb-da-12000btu-a-r32-wifi-2","status":"publish","type":"product","link":"https:\/\/osatech.ch\/shop\/index.php\/prodotto\/hisense-kit-mono-uni-hb-da-12000btu-a-r32-wifi-2","title":{"rendered":"HISENSE Kit Mono UNI HB da 18000BTU A+++ R32 WiFi"},"content":{"rendered":"<p>Il condizionatore Hisense UNI HB monosplit in classe A+++ con pompa di calore, include il gas refrigerante R 32. Il kit \u00e8 composto da una unit\u00e0 interna e una unit\u00e0 esterna<br \/>\nRiscalda, raffresca e deumidifica<br \/>\nControllo Wi-Fi<br \/>\nRegolazione automatica del flusso d&#8217;aria<br \/>\nHI-NANO<br \/>\nSilenzioso 19 dB(A) , display LED<br \/>\nAutopulente , dimmer , I FEEL , riavvio a 8\u00b0C , riscaldamento a -20\u00b0C , funzione sleep , telecomando<\/p>\n","protected":false},"excerpt":{"rendered":"<p>Il condizionatore Hisense UNI HB monosplit in classe A+++ con pompa di calore, include il gas refrigerante R 32. Il kit \u00e8 composto da una unit\u00e0 interna e una unit\u00e0 esterna Riscalda, raffresca e deumidifica Controllo Wi-Fi Regolazione automatica del flusso d&#8217;aria HI-NANO Silenzioso 19 dB(A) , display LED Autopulente , dimmer , I FEEL [&hellip;]<\/p>\n","protected":false},"featured_media":1068270,"template":"","meta":[],"product_brand":[],"product_cat":[3953,4271],"product_tag":[],"yst_prominent_words":[],"class_list":{"0":"post-1034887","1":"product","2":"type-product","3":"status-publish","4":"has-post-thumbnail","6":"product_cat-condizionatori-con-unita-esterna","7":"product_cat-hisense","9":"first","10":"instock","11":"taxable","12":"shipping-taxable","13":"purchasable","14":"product-type-simple"},"_links":{"self":[{"href":"https:\/\/osatech.ch\/shop\/index.php\/wp-json\/wp\/v2\/product\/1034887","targetHints":{"allow":["GET"]}}],"collection":[{"href":"https:\/\/osatech.ch\/shop\/index.php\/wp-json\/wp\/v2\/product"}],"about":[{"href":"https:\/\/osatech.ch\/shop\/index.php\/wp-json\/wp\/v2\/types\/product"}],"wp:featuredmedia":[{"embeddable":true,"href":"https:\/\/osatech.ch\/shop\/index.php\/wp-json\/wp\/v2\/media\/1068270"}],"wp:attachment":[{"href":"https:\/\/osatech.ch\/shop\/index.php\/wp-json\/wp\/v2\/media?parent=1034887"}],"wp:term":[{"taxonomy":"product_brand","embeddable":true,"href":"https:\/\/osatech.ch\/shop\/index.php\/wp-json\/wp\/v2\/product_brand?post=1034887"},{"taxonomy":"product_cat","embeddable":true,"href":"https:\/\/osatech.ch\/shop\/index.php\/wp-json\/wp\/v2\/product_cat?post=1034887"},{"taxonomy":"product_tag","embeddable":true,"href":"https:\/\/osatech.ch\/shop\/index.php\/wp-json\/wp\/v2\/product_tag?post=1034887"},{"taxonomy":"yst_prominent_words","embeddable":true,"href":"https:\/\/osatech.ch\/shop\/index.php\/wp-json\/wp\/v2\/yst_prominent_words?post=1034887"}],"curies":[{"name":"wp","href":"https:\/\/api.w.org\/{rel}","templated":true}]}}