{"id":1031674,"date":"2025-11-06T16:38:32","date_gmt":"2025-11-06T15:38:32","guid":{"rendered":"https:\/\/osatech.ch\/shop\/index.php\/prodotto\/ajax-superior-streetsiren-plus-sirena-da-esterno-bianco-eu"},"modified":"2026-03-16T14:22:38","modified_gmt":"2026-03-16T13:22:38","slug":"ajax-superior-streetsiren-plus-sirena-da-esterno-bianco-eu","status":"publish","type":"product","link":"https:\/\/osatech.ch\/shop\/index.php\/prodotto\/ajax-superior-streetsiren-plus-sirena-da-esterno-bianco-eu","title":{"rendered":"AJAX Superior StreetSiren Plus &#8211; Sirena da esterno Bianco EU"},"content":{"rendered":"<p>La Superior StreetSiren Plus Jeweller \u00e8 una sirena wireless per uso interno ed esterno. Offre una portata di comunicazione fino a 1.500 m e un volume regolabile tra 85 dB e 107 dB. Grazie alla protezione antimanomissione tramite vite di montaggio e SmartBracket, il dispositivo \u00e8 particolarmente sicuro contro le manipolazioni. La durata della batteria \u00e8 fino a 10 anni; in alternativa, pu\u00f2 essere alimentata anche tramite un alimentatore esterno da 12 V.<\/p>\n<p>Caratteristiche<br \/>\nSirena senza fili per uso interno ed esterno<br \/>\nVolume regolabile da 85 dB a 107 dB<br \/>\nDurata della batteria fino a 10 anni<br \/>\nConformit\u00e0 alle norme EN 50131-4 (Grado 2), PD 6662:2017, IP54<br \/>\nDati tecnici<br \/>\nColore: Bianco<br \/>\nSerie: Superiore<br \/>\nCertificazione: Grado 2<br \/>\nComunicazione: Gioielliere (radio, 868,0-868,6 MHz)<br \/>\nLuogo di installazione: Interno, Esterno<br \/>\nClasse di protezione: IP54, protezione antimanomissione<br \/>\nFonte di alimentazione: 8 \u00d7 CR123A (batteria, preinstallata), DC 12 V opzionale<br \/>\nAudio: Altoparlanti<br \/>\nTipo di segnale: acustico, LED<br \/>\nVolume: 85\u2013107 dB<br \/>\nDurata della batteria: fino a 10 anni<br \/>\nDimensioni: 210,2 \u00d7 210,2 \u00d7 70,6 mm<br \/>\nPeso: 1.146 g<br \/>\nTemperatura di esercizio: da -25 \u00b0C a +60 \u00b0C<br \/>\nUmidit\u00e0: fino al 95%<\/p>\n","protected":false},"excerpt":{"rendered":"<p>La Superior StreetSiren Plus Jeweller \u00e8 una sirena wireless per uso interno ed esterno. Offre una portata di comunicazione fino a 1.500 m e un volume regolabile tra 85 dB e 107 dB. Grazie alla protezione antimanomissione tramite vite di montaggio e SmartBracket, il dispositivo \u00e8 particolarmente sicuro contro le manipolazioni. La durata della batteria [&hellip;]<\/p>\n","protected":false},"featured_media":0,"template":"","meta":[],"product_brand":[],"product_cat":[15],"product_tag":[],"yst_prominent_words":[],"class_list":{"0":"post-1031674","1":"product","2":"type-product","3":"status-publish","5":"product_cat-senza-categoria","7":"first","8":"instock","9":"taxable","10":"shipping-taxable","11":"purchasable","12":"product-type-simple"},"_links":{"self":[{"href":"https:\/\/osatech.ch\/shop\/index.php\/wp-json\/wp\/v2\/product\/1031674","targetHints":{"allow":["GET"]}}],"collection":[{"href":"https:\/\/osatech.ch\/shop\/index.php\/wp-json\/wp\/v2\/product"}],"about":[{"href":"https:\/\/osatech.ch\/shop\/index.php\/wp-json\/wp\/v2\/types\/product"}],"wp:attachment":[{"href":"https:\/\/osatech.ch\/shop\/index.php\/wp-json\/wp\/v2\/media?parent=1031674"}],"wp:term":[{"taxonomy":"product_brand","embeddable":true,"href":"https:\/\/osatech.ch\/shop\/index.php\/wp-json\/wp\/v2\/product_brand?post=1031674"},{"taxonomy":"product_cat","embeddable":true,"href":"https:\/\/osatech.ch\/shop\/index.php\/wp-json\/wp\/v2\/product_cat?post=1031674"},{"taxonomy":"product_tag","embeddable":true,"href":"https:\/\/osatech.ch\/shop\/index.php\/wp-json\/wp\/v2\/product_tag?post=1031674"},{"taxonomy":"yst_prominent_words","embeddable":true,"href":"https:\/\/osatech.ch\/shop\/index.php\/wp-json\/wp\/v2\/yst_prominent_words?post=1031674"}],"curies":[{"name":"wp","href":"https:\/\/api.w.org\/{rel}","templated":true}]}}