{"id":1015026,"date":"2025-08-22T16:50:15","date_gmt":"2025-08-22T14:50:15","guid":{"rendered":"https:\/\/osatech.ch\/shop\/index.php\/prodotto\/scanner-di-codici-qr-per-tornelli"},"modified":"2025-08-25T10:34:16","modified_gmt":"2025-08-25T08:34:16","slug":"scanner-di-codici-qr-per-tornelli","status":"publish","type":"product","link":"https:\/\/osatech.ch\/shop\/index.php\/prodotto\/scanner-di-codici-qr-per-tornelli","title":{"rendered":"Scanner di codici QR per tornelli"},"content":{"rendered":"<p>Questo scanner Touchless Embedded per codici QR MTX200 ha una garanzia di 2 anni e un supporto durevole per la manutenzione e la riparazione.<br \/>\nMTX200 \u00e8 uno scanner di codici QR incorporato, che adotta la tecnologia di decodifica di base auto-sviluppata e pu\u00f2 supportare contemporaneamente la lettura rapida di codici unidimensionali e sistemi di codici QR. La sua superficie \u00e8 realizzata in vetro temperato, che ha una buona trasmissione della luce, resistenza ai graffi e resistenza alla caduta. Pu\u00f2 essere utilizzato per molteplici scopi.<br \/>\nQuesto scanner di codici QR pu\u00f2 essere dotato di una funzione di scorrimento della scheda NFC (scheda IC senza contatto a radiofrequenza 13,56 MHz, scheda sensore M1, telefono cellulare NFC e carta d\u2019identit\u00e0), che pu\u00f2 adattarsi a scenari applicativi complessi e completi.<br \/>\nLo scanner di codici QR MTX200 \u00e8 in grado di riconoscere vari sistemi di codice, come codice unidimensionale, codice bidimensionale, codice dello schermo del telefono cellulare, codice cartaceo, ecc., 70 volte al secondo e scansionarlo come desideri da 360 gradi. Distanza riconoscibile compresa tra 3 e 10 cm. Diversi meccanismi di feedback migliorano l\u2019esperienza interattiva. Tre indicatori luminosi, una luce rossa della finestra di lettura lampeggiante e un segnale acustico del codice di scansione che emette un segnale acustico, migliora la tua esperienza di scansione.<br \/>\nL\u2019MTX200 pu\u00f2 combinare USB, RS232, TTL e altri metodi di trasmissione dati e integrare l\u2019uscita WiFi per soddisfare le esigenze dell\u2019era dell\u2019Internet of Things. Lettura automatica dell\u2019immagine di riconoscimento, supporta lo sviluppo secondario e fornisce la personalizzazione delle funzioni. Autosviluppo, diverse interfacce di sviluppo, buona capacit\u00e0 compatibile.<br \/>\nInterfacce di sviluppo secondarie: C\/C++, C#, Java, DELPHI, compatibile con Android Pad, scheda di sviluppo Android, sistema Windows, Mac, Linux, registratore di cassa, Raspberry Pi.<br \/>\nSupporta un ingresso di tensione ampio 4,7-15 V, elimina l\u2019impatto della tensione sulla durata delle apparecchiature, risparmia l\u2019alimentazione di commutazione, riduce i costi delle apparecchiature e si applica a pi\u00f9 scenari. Ad esempio, tornello pedonale di sicurezza da 12 V, armadio self-service da 5 V, distributore automatico, distributore automatico di biglietti, armadietto per pasti, armadietto espresso, cestino per il riciclaggio dei rifiuti, macchina di pagamento, stampante, macchina per la coda, macchina per la registrazione, prestito e restituzione libreria, ecc.<br \/>\nEsistono ricche interfacce di comunicazione, l\u2019uscita WiFi, RS232, TTL e USB (tastiera analogica, modalit\u00e0 di sviluppo nascosta) \u00e8 opzionale, viene fornito SDK e sono supportati i servizi di sviluppo e personalizzazione secondari. Compatibile con i sistemi Windows (xp\/7\/8\/10), MAC, Android e Linux.<br \/>\nSorgente luminosa: Led a luce diffusa (luce bianca, indicatore rosso)<br \/>\nIstruzioni: cicalino, tre indicatori di stato LED blu, indicazione LED rosso<br \/>\nCodice identificativo: QR Code, Data Matrix, EAN_13, EAN_8, RSS_14, CODE_39, CODE_93, CODE_128, ITF, Code Bar, Inverse Code, Mirror Code, ecc.<br \/>\nAngolo di campo visivo: campo visivo orizzontale 77\u00b0, campo visivo verticale 60\u00b0<br \/>\nAngolo di lettura: inclinazione \u00b1 40\u00b0, deflessione \u00b1 30\u00b0, rotazione 360\u00b0<br \/>\nProfondit\u00e0 di campo: 0mm~55mm\uff08Codice QR 15mil\uff09<br \/>\nMicroprocessore: CPU 1G a 32 bit, memoria DDR ad alta velocit\u00e0<br \/>\nInterfaccia dati: RS232 (9.6 ~ 115.2kbps), USB1.1 (HID-KBW, HID-POS), HID personalizzato (aggiungi interfaccia di sviluppo USB, trasmissione ad alta velocit\u00e0)<br \/>\nLinea dati: linea dati RS232 (interfaccia di alimentazione USB + interfaccia dati DB9), cavo USB, linea TTL<br \/>\nTemperatura di funzionamento: -20~70 gradi Celsius<br \/>\nTemperatura di stoccaggio: da -40 a 80 gradi Celsius<br \/>\nUmidit\u00e0: Umidit\u00e0 relativa 0%~95%<br \/>\nIntensit\u00e0 della luce ambientale: 0~80.000LUX<br \/>\nTensione di funzionamento: supporta un ingresso di tensione ampio 5 ~ 15 V<br \/>\nCorrente di lavoro: 0,15 A (5 V) o 0,05 A (15 V)<br \/>\nConsumo energetico massimo: 0,75 W<br \/>\nTouchless Scanner di codici QR integrati per i tipi di tornelli.<br \/>\nCertificazione internazionale: FCC Part15 Classe B, CE EMC Class<br \/>\nRequisiti di manutenzione: supporto per la manutenzione remota e l\u2019aggiornamento online<br \/>\nMateriali Corpo: finestra PC importata: vetro temperato<br \/>\nSistema operativo: supporta Windows (xp.7.8.10), Linux, Android, Mac, ecc<br \/>\nDimensioni: 95*84*48mm<br \/>\nDimensioni della finestra di lettura: 59 x 46 mm<br \/>\nMetodo di installazione: installazione incorporata<br \/>\nMateriali: ABS<br \/>\nDimensione del foro: 67,5 x 88 mm<br \/>\nRaggio dell\u2019angolo: 4,27 mm<br \/>\nSensore di immagine: CMOS da 300.000 pixel (640*480)<br \/>\nContrasto di stampa: \u2265 25%<br \/>\nPrecisione di lettura: \u2265 7mil<br \/>\nVelocit\u00e0 di lettura: 70 ms\/ora<\/p>\n","protected":false},"excerpt":{"rendered":"<p>Questo scanner Touchless Embedded per codici QR MTX200 ha una garanzia di 2 anni e un supporto durevole per la manutenzione e la riparazione. MTX200 \u00e8 uno scanner di codici QR incorporato, che adotta la tecnologia di decodifica di base auto-sviluppata e pu\u00f2 supportare contemporaneamente la lettura rapida di codici unidimensionali e sistemi di codici [&hellip;]<\/p>\n","protected":false},"featured_media":0,"template":"","meta":[],"product_brand":[],"product_cat":[15],"product_tag":[],"yst_prominent_words":[],"class_list":{"0":"post-1015026","1":"product","2":"type-product","3":"status-publish","5":"product_cat-senza-categoria","7":"first","8":"instock","9":"taxable","10":"shipping-taxable","11":"purchasable","12":"product-type-simple"},"_links":{"self":[{"href":"https:\/\/osatech.ch\/shop\/index.php\/wp-json\/wp\/v2\/product\/1015026","targetHints":{"allow":["GET"]}}],"collection":[{"href":"https:\/\/osatech.ch\/shop\/index.php\/wp-json\/wp\/v2\/product"}],"about":[{"href":"https:\/\/osatech.ch\/shop\/index.php\/wp-json\/wp\/v2\/types\/product"}],"wp:attachment":[{"href":"https:\/\/osatech.ch\/shop\/index.php\/wp-json\/wp\/v2\/media?parent=1015026"}],"wp:term":[{"taxonomy":"product_brand","embeddable":true,"href":"https:\/\/osatech.ch\/shop\/index.php\/wp-json\/wp\/v2\/product_brand?post=1015026"},{"taxonomy":"product_cat","embeddable":true,"href":"https:\/\/osatech.ch\/shop\/index.php\/wp-json\/wp\/v2\/product_cat?post=1015026"},{"taxonomy":"product_tag","embeddable":true,"href":"https:\/\/osatech.ch\/shop\/index.php\/wp-json\/wp\/v2\/product_tag?post=1015026"},{"taxonomy":"yst_prominent_words","embeddable":true,"href":"https:\/\/osatech.ch\/shop\/index.php\/wp-json\/wp\/v2\/yst_prominent_words?post=1015026"}],"curies":[{"name":"wp","href":"https:\/\/api.w.org\/{rel}","templated":true}]}}