{"id":1011865,"date":"2025-08-07T13:24:15","date_gmt":"2025-08-07T11:24:15","guid":{"rendered":"https:\/\/osatech.ch\/shop\/index.php\/prodotto\/cardin-parksun-salvaparcheggio-elettromeccanico-autoalimentato"},"modified":"2025-08-07T13:26:16","modified_gmt":"2025-08-07T11:26:16","slug":"cardin-parksun-salvaparcheggio-elettromeccanico-autoalimentato","status":"publish","type":"product","link":"https:\/\/osatech.ch\/shop\/index.php\/prodotto\/cardin-parksun-salvaparcheggio-elettromeccanico-autoalimentato","title":{"rendered":"Cardin PARKSUN &#8211; SALVAPARCHEGGIO ELETTROMECCANICO AUTOALIMENTATO"},"content":{"rendered":"<p>Cardin PARKSUN &#8211; SALVAPARCHEGGIO ELETTROMECCANICO AUTOALIMENTATO<\/p>\n<p>DESCRIZIONE DEL PRODOTTO<br \/>\nLa barriera di parcheggio PARKSUN si distingue da altri prodotti simili per la sua robustezza e il movimento completamente automatico a guida elettrica. Una staffa in acciaio inox si solleva in soli 8 secondi, impedendo il parcheggio ai veicoli non autorizzati. \u00c8 facile da azionare tramite il telecomando incluso.<br \/>\nIl modello PARKSUN non richiede alcun collegamento a fonti di alimentazione esterne, poich\u00e9 la sua batteria \u00e8 caricata da un pannello fotovoltaico. Ci\u00f2 consente di installare la barriera di parcheggio autoalimentata ovunque. L&#8217;unit\u00e0 di controllo integrata gestisce il pannello solare e la batteria, garantendo la massima efficienza energetica e un funzionamento continuo. Anche in totale oscurit\u00e0, PARKSUN ha un&#8217;autonomia fino a 4 mesi.<br \/>\nL&#8217;unit\u00e0 di controllo include una scheda ricevente per telecomando S504 di ultima generazione con un elevato livello di sicurezza, garantito dalla crittografia a 128 bit, rolling code FM a 433 MHz e dalla possibilit\u00e0 di memorizzare fino a 1.000 codici (utenti). I sistemi PARK incorporano diverse misure per garantire la sicurezza di persone e cose. Il pi\u00f9 importante \u00e8 un sensore elettronico che inverte il movimento dell&#8217;arco quando incontra un ostacolo, oltre a un ammortizzatore meccanico che attutisce qualsiasi impatto, anche a motore spento. Una chiave di sblocco \u00e8 fornita per il funzionamento manuale in caso di emergenza.<br \/>\nInstallazione rapida:<br \/>\n&#8211; non sono necessari utensili speciali<br \/>\n&#8211; per applicazioni standard, non \u00e8 richiesta alcuna programmazione o calibrazione del percorso di funzione<br \/>\n&#8211; il codice del telecomando corrispondente \u00e8 gi\u00e0 memorizzato nella centrale<br \/>\nCARATTERISTICHE<br \/>\n&#8211; centrale elettronica di controllo<br \/>\n&#8211; ricevitore S504 integrato, 433 MHz FM rolling code<br \/>\n&#8211; trasmettitore radio a 2 canali pre-programmato della serie S504<br \/>\n&#8211; sblocco manuale<br \/>\n&#8211; alimentazione: 12 V DC<br \/>\n&#8211; potenza pannello solare: 5 W<br \/>\n&#8211; batterie tampone a lunga durata, 12 V DC<br \/>\n&#8211; corrente batteria: 7 AH<br \/>\n&#8211; consumo in standby: 1 mA<br \/>\n&#8211; consumo motore: 1 A<br \/>\n&#8211; funzionamento autonomo: max. 4 mesi (in totale oscurit\u00e0)<br \/>\n&#8211; tempo di apertura del cancello: 8 secondi<br \/>\n&#8211; temperatura di funzionamento: da -20\u00b0C a +55\u00b0C<br \/>\n&#8211; grado di protezione: IP54<br \/>\n&#8211; dimensioni: 470 x 750 x 620 mm (94 mm con asta abbassata)<br \/>\n&#8211; peso: 23 kg<\/p>\n","protected":false},"excerpt":{"rendered":"<p>Cardin PARKSUN &#8211; SALVAPARCHEGGIO ELETTROMECCANICO AUTOALIMENTATO DESCRIZIONE DEL PRODOTTO La barriera di parcheggio PARKSUN si distingue da altri prodotti simili per la sua robustezza e il movimento completamente automatico a guida elettrica. Una staffa in acciaio inox si solleva in soli 8 secondi, impedendo il parcheggio ai veicoli non autorizzati. \u00c8 facile da azionare tramite [&hellip;]<\/p>\n","protected":false},"featured_media":0,"template":"","meta":[],"product_brand":[],"product_cat":[15],"product_tag":[],"yst_prominent_words":[],"class_list":{"0":"post-1011865","1":"product","2":"type-product","3":"status-publish","5":"product_cat-senza-categoria","7":"first","8":"instock","9":"taxable","10":"shipping-taxable","11":"purchasable","12":"product-type-simple"},"_links":{"self":[{"href":"https:\/\/osatech.ch\/shop\/index.php\/wp-json\/wp\/v2\/product\/1011865","targetHints":{"allow":["GET"]}}],"collection":[{"href":"https:\/\/osatech.ch\/shop\/index.php\/wp-json\/wp\/v2\/product"}],"about":[{"href":"https:\/\/osatech.ch\/shop\/index.php\/wp-json\/wp\/v2\/types\/product"}],"wp:attachment":[{"href":"https:\/\/osatech.ch\/shop\/index.php\/wp-json\/wp\/v2\/media?parent=1011865"}],"wp:term":[{"taxonomy":"product_brand","embeddable":true,"href":"https:\/\/osatech.ch\/shop\/index.php\/wp-json\/wp\/v2\/product_brand?post=1011865"},{"taxonomy":"product_cat","embeddable":true,"href":"https:\/\/osatech.ch\/shop\/index.php\/wp-json\/wp\/v2\/product_cat?post=1011865"},{"taxonomy":"product_tag","embeddable":true,"href":"https:\/\/osatech.ch\/shop\/index.php\/wp-json\/wp\/v2\/product_tag?post=1011865"},{"taxonomy":"yst_prominent_words","embeddable":true,"href":"https:\/\/osatech.ch\/shop\/index.php\/wp-json\/wp\/v2\/yst_prominent_words?post=1011865"}],"curies":[{"name":"wp","href":"https:\/\/api.w.org\/{rel}","templated":true}]}}