{"id":1003785,"date":"2025-06-16T16:55:17","date_gmt":"2025-06-16T14:55:17","guid":{"rendered":"https:\/\/osatech.ch\/shop\/index.php\/prodotto\/hikvision-videocitofono-postazione-esterna-ip-villa-6"},"modified":"2025-06-16T16:59:17","modified_gmt":"2025-06-16T14:59:17","slug":"hikvision-videocitofono-postazione-esterna-ip-villa-6","status":"publish","type":"product","link":"https:\/\/osatech.ch\/shop\/index.php\/prodotto\/hikvision-videocitofono-postazione-esterna-ip-villa-6","title":{"rendered":"HikVision Videocitofono postazione esterna IP Villa"},"content":{"rendered":"<p>L&#8217;Hikvision DS-KV8213-WME1(C)\/Superficie \u00e8 una stazione esterna di alta qualit\u00e0 di un sistema interfonico basato su IP con due pulsanti fisici e un lettore di schede. \u00c8 dotato di una fotocamera da 2 megapixel con miglioramento degli infrarossi che offre video nitidi anche in condizioni di scarsa illuminazione. Il design dei pulsanti sulla targhetta rende pi\u00f9 semplice per i visitatori avviare le chiamate.<\/p>\n<p>Il DS-KV8213-WME1(C)\/Flush \u00e8 dotato di un modulo lettore di schede integrato e offre quindi un controllo degli accessi sicuro. La stazione pu\u00f2 essere alimentata tramite PoE standard (Power over Ethernet), semplificando l&#8217;installazione.<\/p>\n<p>La postazione esterna \u00e8 realizzata in lega di alluminio e offre un elevato livello di protezione con resistenza agli urti IK08 e resistenza agli agenti atmosferici IP65. Ci\u00f2 garantisce un funzionamento affidabile anche in ambienti esterni impegnativi.<\/p>\n<p>Per maggiore comodit\u00e0, DS-KV8213-WME1(C)\/Flush supporta il controllo mobile tramite l&#8217;APP Hik-Connect, consentendo agli utenti di gestire e monitorare comodamente il sistema interfonico dai propri smartphone.<\/p>\n<p>Posto esterno villa in metallo a 2 pulsanti<br \/>\nFotocamera da 2 MP con supplemento infrarossi<br \/>\nDesign con un pulsante per l&#8217;etichetta del nome per chiamate pi\u00f9 facili<br \/>\nModulo lettore di carte integrato<br \/>\nAlimentazione PoE standard<br \/>\nLivello di protezione IK08 e IP65 con lega di alluminio<br \/>\nComodo controllo mobile tramite l&#8217;APP Hik-Connect<br \/>\nMontaggio ad incasso<\/p>\n","protected":false},"excerpt":{"rendered":"<p>L&#8217;Hikvision DS-KV8213-WME1(C)\/Superficie \u00e8 una stazione esterna di alta qualit\u00e0 di un sistema interfonico basato su IP con due pulsanti fisici e un lettore di schede. \u00c8 dotato di una fotocamera da 2 megapixel con miglioramento degli infrarossi che offre video nitidi anche in condizioni di scarsa illuminazione. Il design dei pulsanti sulla targhetta rende pi\u00f9 [&hellip;]<\/p>\n","protected":false},"featured_media":0,"template":"","meta":[],"product_brand":[],"product_cat":[15],"product_tag":[],"yst_prominent_words":[],"class_list":{"0":"post-1003785","1":"product","2":"type-product","3":"status-publish","5":"product_cat-senza-categoria","7":"first","8":"instock","9":"taxable","10":"shipping-taxable","11":"purchasable","12":"product-type-simple"},"_links":{"self":[{"href":"https:\/\/osatech.ch\/shop\/index.php\/wp-json\/wp\/v2\/product\/1003785","targetHints":{"allow":["GET"]}}],"collection":[{"href":"https:\/\/osatech.ch\/shop\/index.php\/wp-json\/wp\/v2\/product"}],"about":[{"href":"https:\/\/osatech.ch\/shop\/index.php\/wp-json\/wp\/v2\/types\/product"}],"wp:attachment":[{"href":"https:\/\/osatech.ch\/shop\/index.php\/wp-json\/wp\/v2\/media?parent=1003785"}],"wp:term":[{"taxonomy":"product_brand","embeddable":true,"href":"https:\/\/osatech.ch\/shop\/index.php\/wp-json\/wp\/v2\/product_brand?post=1003785"},{"taxonomy":"product_cat","embeddable":true,"href":"https:\/\/osatech.ch\/shop\/index.php\/wp-json\/wp\/v2\/product_cat?post=1003785"},{"taxonomy":"product_tag","embeddable":true,"href":"https:\/\/osatech.ch\/shop\/index.php\/wp-json\/wp\/v2\/product_tag?post=1003785"},{"taxonomy":"yst_prominent_words","embeddable":true,"href":"https:\/\/osatech.ch\/shop\/index.php\/wp-json\/wp\/v2\/yst_prominent_words?post=1003785"}],"curies":[{"name":"wp","href":"https:\/\/api.w.org\/{rel}","templated":true}]}}