{"id":1002332,"date":"2025-06-06T16:28:16","date_gmt":"2025-06-06T14:28:16","guid":{"rendered":"https:\/\/osatech.ch\/shop\/index.php\/prodotto\/hikvision-telecamera-di-rete-bullet-varifocale-motorizzata-colorvu-smart-hybrid-light-da-8-mp"},"modified":"2025-06-06T16:30:19","modified_gmt":"2025-06-06T14:30:19","slug":"hikvision-telecamera-di-rete-bullet-varifocale-motorizzata-colorvu-smart-hybrid-light-da-8-mp","status":"publish","type":"product","link":"https:\/\/osatech.ch\/shop\/index.php\/prodotto\/hikvision-telecamera-di-rete-bullet-varifocale-motorizzata-colorvu-smart-hybrid-light-da-8-mp","title":{"rendered":"HikVision Telecamera di rete Bullet varifocale motorizzata ColorVu Smart Hybrid Light da 8 MP"},"content":{"rendered":"<p>HikVision Telecamera di rete Bullet varifocale motorizzata ColorVu Smart Hybrid Light da 8 MP<\/p>\n<p>La DS-2CD2687G3-LIZS2UY\/SL (2,8-12 mm) \u00e8 una versatile telecamera di sorveglianza IP della serie Pro di Hikvision. Offre un&#8217;impressionante risoluzione di 8 MP e utilizza la tecnologia ColorVu per immagini a colori 24 ore su 24, 7 giorni su 7. Grazie alla funzione Smart Hybrid Light, la telecamera combina infrarossi e luce bianca per un&#8217;illuminazione ottimale in diversi scenari. Grazie alla capacit\u00e0 di classificazione di persone e veicoli e a un alloggiamento robusto e resistente alla corrosione, \u00e8 ideale per le attivit\u00e0 di sorveglianza pi\u00f9 impegnative. La telecamera \u00e8 inoltre resistente all&#8217;acqua e alla polvere (IP67) e antivandalismo (IK10).<br \/>\nHikAI ISP per un&#8217;eccellente riduzione del rumore<br \/>\nImmagini a colori 24 ore su 24, 7 giorni su 7 grazie alla tecnologia ColorVu<br \/>\nWDR adattivo alla scena<br \/>\nClassificazione di persone e veicoli basata sull&#8217;apprendimento profondo<br \/>\nDoppio microfono array integrato per un monitoraggio audio di alta qualit\u00e0<br \/>\nSicurezza in tempo reale tramite audio bidirezionale integrato<br \/>\nDesign anticorrosione, garantisce affidabilit\u00e0 e durata (NEMA4X)<br \/>\nLuce ibrida intelligente: luci IR e bianche integrate, 3 modalit\u00e0 di illuminazione aggiuntive<br \/>\nResistente all&#8217;acqua e alla polvere (IP67) e antivandalismo (IK10)<br \/>\nLuce flash attiva e allarme acustico per scoraggiare gli intrusi<\/p>\n","protected":false},"excerpt":{"rendered":"<p>HikVision Telecamera di rete Bullet varifocale motorizzata ColorVu Smart Hybrid Light da 8 MP La DS-2CD2687G3-LIZS2UY\/SL (2,8-12 mm) \u00e8 una versatile telecamera di sorveglianza IP della serie Pro di Hikvision. Offre un&#8217;impressionante risoluzione di 8 MP e utilizza la tecnologia ColorVu per immagini a colori 24 ore su 24, 7 giorni su 7. Grazie alla [&hellip;]<\/p>\n","protected":false},"featured_media":0,"template":"","meta":[],"product_brand":[],"product_cat":[15],"product_tag":[],"yst_prominent_words":[],"class_list":{"0":"post-1002332","1":"product","2":"type-product","3":"status-publish","5":"product_cat-senza-categoria","7":"first","8":"instock","9":"taxable","10":"shipping-taxable","11":"purchasable","12":"product-type-simple"},"_links":{"self":[{"href":"https:\/\/osatech.ch\/shop\/index.php\/wp-json\/wp\/v2\/product\/1002332","targetHints":{"allow":["GET"]}}],"collection":[{"href":"https:\/\/osatech.ch\/shop\/index.php\/wp-json\/wp\/v2\/product"}],"about":[{"href":"https:\/\/osatech.ch\/shop\/index.php\/wp-json\/wp\/v2\/types\/product"}],"wp:attachment":[{"href":"https:\/\/osatech.ch\/shop\/index.php\/wp-json\/wp\/v2\/media?parent=1002332"}],"wp:term":[{"taxonomy":"product_brand","embeddable":true,"href":"https:\/\/osatech.ch\/shop\/index.php\/wp-json\/wp\/v2\/product_brand?post=1002332"},{"taxonomy":"product_cat","embeddable":true,"href":"https:\/\/osatech.ch\/shop\/index.php\/wp-json\/wp\/v2\/product_cat?post=1002332"},{"taxonomy":"product_tag","embeddable":true,"href":"https:\/\/osatech.ch\/shop\/index.php\/wp-json\/wp\/v2\/product_tag?post=1002332"},{"taxonomy":"yst_prominent_words","embeddable":true,"href":"https:\/\/osatech.ch\/shop\/index.php\/wp-json\/wp\/v2\/yst_prominent_words?post=1002332"}],"curies":[{"name":"wp","href":"https:\/\/api.w.org\/{rel}","templated":true}]}}